{"id":49239,"date":"2025-09-23T23:07:40","date_gmt":"2025-09-23T21:07:40","guid":{"rendered":"https:\/\/www.pauls-bauernhof.de\/?post_type=product&#038;p=49239"},"modified":"2025-09-23T23:12:24","modified_gmt":"2025-09-23T21:12:24","slug":"kuerbiserlebniswelt-maislabyrinth-halloween-nightam-26-10-20251000-1830-uhr","status":"publish","type":"product","link":"https:\/\/www.pauls-bauernhof.de\/ro\/produs\/kuerbiserlebniswelt-maislabyrinth-halloween-nightam-26-10-20251000-1830-uhr\/","title":{"rendered":"K\u00fcrbiserlebniswelt &#038; Maislabyrinth &#038; Halloween-Night<br>am 26.10.2025<br>10:00 &#8211; 18:30 Uhr"},"content":{"rendered":"<p>W\u00e4hlt die Ticketvariante \u201cErwachsene\u201d, \u201cErm\u00e4\u00dfigte\u201d und &#8222;Kleinkinder&#8220; mit der Anzahl \u00fcber das + und \u2013 Symbol und f\u00fcgt die Bestellung zum Warenkorb hinzu.<br \/>\nKinder unter 100cm K\u00f6rpergr\u00f6\u00dfe ben\u00f6tigen auch ein E-Ticket, haben freien Eintritt und werden am Eingang gemessen.<\/p>\n<p><strong>Das Ticket ist nur an dem Tag und in der gebuchten Zeit g\u00fcltig.<\/strong><\/p>","protected":false},"excerpt":{"rendered":"<p>W\u00e4hlt die Ticketvariante \u201cErwachsene\u201d, \u201cErm\u00e4\u00dfigte\u201d und &#8222;Kleinkinder&#8220; mit der Anzahl \u00fcber das + und \u2013 Symbol und f\u00fcgt die Bestellung zum Warenkorb hinzu. Kinder unter 100cm K\u00f6rpergr\u00f6\u00dfe ben\u00f6tigen auch ein E-Ticket, haben freien Eintritt und werden am Eingang gemessen. Das Ticket ist nur an dem Tag und in der gebuchten Zeit g\u00fcltig.<\/p>","protected":false},"featured_media":49241,"template":"","meta":[],"product_brand":[],"product_cat":[175],"product_tag":[],"produkte":[],"class_list":{"0":"post-49239","1":"product","2":"type-product","3":"status-publish","4":"has-post-thumbnail","6":"product_cat-tagestickets","8":"first","9":"instock","10":"virtual","11":"taxable","12":"purchasable","13":"product-type-woosb"},"yoast_head":"<!-- This site is optimized with the Yoast SEO plugin v26.1.1 - https:\/\/yoast.com\/wordpress\/plugins\/seo\/ -->\n<title>K\u00fcrbiserlebniswelt &amp; Maislabyrinth &amp; Halloween-Nightam 26.10.202510:00 - 18:30 Uhr -<\/title>\n<meta name=\"description\" content=\"Besucht unsere K\u00fcrbiserlebniswelt und unser Maislabyrinth in Hofheim-Wallau. Staunt \u00fcber unsere K\u00fcrbisfiguren oder irrt durch unser Labyrinth.\" \/>\n<meta name=\"robots\" content=\"index, follow, max-snippet:-1, max-image-preview:large, max-video-preview:-1\" \/>\n<link rel=\"canonical\" href=\"https:\/\/www.pauls-bauernhof.de\/ro\/produs\/kuerbiserlebniswelt-maislabyrinth-halloween-nightam-26-10-20251000-1830-uhr\/\" \/>\n<meta property=\"og:locale\" content=\"ro_RO\" \/>\n<meta property=\"og:type\" content=\"article\" \/>\n<meta property=\"og:title\" content=\"K\u00fcrbiserlebniswelt &amp; Maislabyrinth &amp; Halloween-Nightam 26.10.202510:00 - 18:30 Uhr -\" \/>\n<meta property=\"og:description\" content=\"Besucht unsere K\u00fcrbiserlebniswelt und unser Maislabyrinth in Hofheim-Wallau. Staunt \u00fcber unsere K\u00fcrbisfiguren oder irrt durch unser Labyrinth.\" \/>\n<meta property=\"og:url\" content=\"https:\/\/www.pauls-bauernhof.de\/ro\/produs\/kuerbiserlebniswelt-maislabyrinth-halloween-nightam-26-10-20251000-1830-uhr\/\" \/>\n<meta property=\"og:site_name\" content=\"Pauls Bauernhof Hofheim-Wallau - Erdbeeren - K\u00fcrbisse - Online-Shop\" \/>\n<meta property=\"article:publisher\" content=\"https:\/\/www.facebook.com\/paulsbauernhof\/\" \/>\n<meta property=\"article:modified_time\" content=\"2025-09-23T21:12:24+00:00\" \/>\n<meta property=\"og:image\" content=\"https:\/\/www.pauls-bauernhof.de\/wp-content\/uploads\/2025\/09\/10-26-2025.gif\" \/>\n\t<meta property=\"og:image:width\" content=\"800\" \/>\n\t<meta property=\"og:image:height\" content=\"800\" \/>\n\t<meta property=\"og:image:type\" content=\"image\/gif\" \/>\n<meta name=\"twitter:card\" content=\"summary_large_image\" \/>\n<meta name=\"twitter:label1\" content=\"Timp estimat pentru citire\" \/>\n\t<meta name=\"twitter:data1\" content=\"1 minut\" \/>\n<script type=\"application\/ld+json\" class=\"yoast-schema-graph\">{\"@context\":\"https:\/\/schema.org\",\"@graph\":[{\"@type\":\"WebPage\",\"@id\":\"https:\/\/www.pauls-bauernhof.de\/produkt\/kuerbiserlebniswelt-maislabyrinth-halloween-nightam-26-10-20251000-1830-uhr\/\",\"url\":\"https:\/\/www.pauls-bauernhof.de\/produkt\/kuerbiserlebniswelt-maislabyrinth-halloween-nightam-26-10-20251000-1830-uhr\/\",\"name\":\"K\u00fcrbiserlebniswelt & Maislabyrinth & Halloween-Night am 26.10.2025 10:00 - 18:30 Uhr -\",\"isPartOf\":{\"@id\":\"https:\/\/www.pauls-bauernhof.de\/#website\"},\"primaryImageOfPage\":{\"@id\":\"https:\/\/www.pauls-bauernhof.de\/produkt\/kuerbiserlebniswelt-maislabyrinth-halloween-nightam-26-10-20251000-1830-uhr\/#primaryimage\"},\"image\":{\"@id\":\"https:\/\/www.pauls-bauernhof.de\/produkt\/kuerbiserlebniswelt-maislabyrinth-halloween-nightam-26-10-20251000-1830-uhr\/#primaryimage\"},\"thumbnailUrl\":\"https:\/\/www.pauls-bauernhof.de\/wp-content\/uploads\/2025\/09\/10-26-2025.gif\",\"datePublished\":\"2025-09-23T21:07:40+00:00\",\"dateModified\":\"2025-09-23T21:12:24+00:00\",\"description\":\"Besucht unsere K\u00fcrbiserlebniswelt und unser Maislabyrinth in Hofheim-Wallau. Staunt \u00fcber unsere K\u00fcrbisfiguren oder irrt durch unser Labyrinth.\",\"breadcrumb\":{\"@id\":\"https:\/\/www.pauls-bauernhof.de\/produkt\/kuerbiserlebniswelt-maislabyrinth-halloween-nightam-26-10-20251000-1830-uhr\/#breadcrumb\"},\"inLanguage\":\"ro-RO\",\"potentialAction\":[{\"@type\":\"ReadAction\",\"target\":[\"https:\/\/www.pauls-bauernhof.de\/produkt\/kuerbiserlebniswelt-maislabyrinth-halloween-nightam-26-10-20251000-1830-uhr\/\"]}]},{\"@type\":\"ImageObject\",\"inLanguage\":\"ro-RO\",\"@id\":\"https:\/\/www.pauls-bauernhof.de\/produkt\/kuerbiserlebniswelt-maislabyrinth-halloween-nightam-26-10-20251000-1830-uhr\/#primaryimage\",\"url\":\"https:\/\/www.pauls-bauernhof.de\/wp-content\/uploads\/2025\/09\/10-26-2025.gif\",\"contentUrl\":\"https:\/\/www.pauls-bauernhof.de\/wp-content\/uploads\/2025\/09\/10-26-2025.gif\",\"width\":800,\"height\":800},{\"@type\":\"BreadcrumbList\",\"@id\":\"https:\/\/www.pauls-bauernhof.de\/produkt\/kuerbiserlebniswelt-maislabyrinth-halloween-nightam-26-10-20251000-1830-uhr\/#breadcrumb\",\"itemListElement\":[{\"@type\":\"ListItem\",\"position\":1,\"name\":\"Startseite\",\"item\":\"https:\/\/www.pauls-bauernhof.de\/\"},{\"@type\":\"ListItem\",\"position\":2,\"name\":\"Produkty\",\"item\":\"https:\/\/www.pauls-bauernhof.de\/pl\/online-shop\/\"},{\"@type\":\"ListItem\",\"position\":3,\"name\":\"K\u00fcrbiserlebniswelt &#038; Maislabyrinth &#038; Halloween-Nightam 26.10.202510:00 &#8211; 18:30 Uhr\"}]},{\"@type\":\"WebSite\",\"@id\":\"https:\/\/www.pauls-bauernhof.de\/#website\",\"url\":\"https:\/\/www.pauls-bauernhof.de\/\",\"name\":\"Pauls Bauernhof Hofheim-Wallau - Erdbeeren - K\u00fcrbisse - Online-Shop\",\"description\":\"Bei uns bekommen Sie Erbeeren, Speise- und Zirrk\u00fcrbisse sowie Kartoffeln, knackfrisches Obst und Gem\u00fcse. Viele Produkte erhalten Sie auch in unserem ONLINE-SHOP, wie z.B. Marmeladen, Getr\u00e4nke und Suppen\",\"publisher\":{\"@id\":\"https:\/\/www.pauls-bauernhof.de\/#organization\"},\"potentialAction\":[{\"@type\":\"SearchAction\",\"target\":{\"@type\":\"EntryPoint\",\"urlTemplate\":\"https:\/\/www.pauls-bauernhof.de\/?s={search_term_string}\"},\"query-input\":{\"@type\":\"PropertyValueSpecification\",\"valueRequired\":true,\"valueName\":\"search_term_string\"}}],\"inLanguage\":\"ro-RO\"},{\"@type\":\"Organization\",\"@id\":\"https:\/\/www.pauls-bauernhof.de\/#organization\",\"name\":\"Paul's Bauernhof\",\"url\":\"https:\/\/www.pauls-bauernhof.de\/\",\"logo\":{\"@type\":\"ImageObject\",\"inLanguage\":\"ro-RO\",\"@id\":\"https:\/\/www.pauls-bauernhof.de\/#\/schema\/logo\/image\/\",\"url\":\"https:\/\/i2.wp.com\/www.pauls-bauernhof.de\/wp-content\/uploads\/2020\/05\/LogoTransparent4.png?fit=366%2C144&ssl=1\",\"contentUrl\":\"https:\/\/i2.wp.com\/www.pauls-bauernhof.de\/wp-content\/uploads\/2020\/05\/LogoTransparent4.png?fit=366%2C144&ssl=1\",\"width\":366,\"height\":144,\"caption\":\"Paul's Bauernhof\"},\"image\":{\"@id\":\"https:\/\/www.pauls-bauernhof.de\/#\/schema\/logo\/image\/\"},\"sameAs\":[\"https:\/\/www.facebook.com\/paulsbauernhof\/\",\"https:\/\/www.instagram.com\/pauls_bauernhof\/\"]}]}<\/script>\n<!-- \/ Yoast SEO plugin. -->","yoast_head_json":{"title":"K\u00fcrbiserlebniswelt & Maislabyrinth & Halloween-Nightam 26.10.202510:00 - 18:30 Uhr -","description":"Besucht unsere K\u00fcrbiserlebniswelt und unser Maislabyrinth in Hofheim-Wallau. Staunt \u00fcber unsere K\u00fcrbisfiguren oder irrt durch unser Labyrinth.","robots":{"index":"index","follow":"follow","max-snippet":"max-snippet:-1","max-image-preview":"max-image-preview:large","max-video-preview":"max-video-preview:-1"},"canonical":"https:\/\/www.pauls-bauernhof.de\/ro\/produs\/kuerbiserlebniswelt-maislabyrinth-halloween-nightam-26-10-20251000-1830-uhr\/","og_locale":"ro_RO","og_type":"article","og_title":"K\u00fcrbiserlebniswelt & Maislabyrinth & Halloween-Nightam 26.10.202510:00 - 18:30 Uhr -","og_description":"Besucht unsere K\u00fcrbiserlebniswelt und unser Maislabyrinth in Hofheim-Wallau. Staunt \u00fcber unsere K\u00fcrbisfiguren oder irrt durch unser Labyrinth.","og_url":"https:\/\/www.pauls-bauernhof.de\/ro\/produs\/kuerbiserlebniswelt-maislabyrinth-halloween-nightam-26-10-20251000-1830-uhr\/","og_site_name":"Pauls Bauernhof Hofheim-Wallau - Erdbeeren - K\u00fcrbisse - Online-Shop","article_publisher":"https:\/\/www.facebook.com\/paulsbauernhof\/","article_modified_time":"2025-09-23T21:12:24+00:00","og_image":[{"width":800,"height":800,"url":"https:\/\/www.pauls-bauernhof.de\/wp-content\/uploads\/2025\/09\/10-26-2025.gif","type":"image\/gif"}],"twitter_card":"summary_large_image","twitter_misc":{"Timp estimat pentru citire":"1 minut"},"schema":{"@context":"https:\/\/schema.org","@graph":[{"@type":"WebPage","@id":"https:\/\/www.pauls-bauernhof.de\/produkt\/kuerbiserlebniswelt-maislabyrinth-halloween-nightam-26-10-20251000-1830-uhr\/","url":"https:\/\/www.pauls-bauernhof.de\/produkt\/kuerbiserlebniswelt-maislabyrinth-halloween-nightam-26-10-20251000-1830-uhr\/","name":"K\u00fcrbiserlebniswelt & Maislabyrinth & Halloween-Night am 26.10.2025 10:00 - 18:30 Uhr -","isPartOf":{"@id":"https:\/\/www.pauls-bauernhof.de\/#website"},"primaryImageOfPage":{"@id":"https:\/\/www.pauls-bauernhof.de\/produkt\/kuerbiserlebniswelt-maislabyrinth-halloween-nightam-26-10-20251000-1830-uhr\/#primaryimage"},"image":{"@id":"https:\/\/www.pauls-bauernhof.de\/produkt\/kuerbiserlebniswelt-maislabyrinth-halloween-nightam-26-10-20251000-1830-uhr\/#primaryimage"},"thumbnailUrl":"https:\/\/www.pauls-bauernhof.de\/wp-content\/uploads\/2025\/09\/10-26-2025.gif","datePublished":"2025-09-23T21:07:40+00:00","dateModified":"2025-09-23T21:12:24+00:00","description":"Besucht unsere K\u00fcrbiserlebniswelt und unser Maislabyrinth in Hofheim-Wallau. Staunt \u00fcber unsere K\u00fcrbisfiguren oder irrt durch unser Labyrinth.","breadcrumb":{"@id":"https:\/\/www.pauls-bauernhof.de\/produkt\/kuerbiserlebniswelt-maislabyrinth-halloween-nightam-26-10-20251000-1830-uhr\/#breadcrumb"},"inLanguage":"ro-RO","potentialAction":[{"@type":"ReadAction","target":["https:\/\/www.pauls-bauernhof.de\/produkt\/kuerbiserlebniswelt-maislabyrinth-halloween-nightam-26-10-20251000-1830-uhr\/"]}]},{"@type":"ImageObject","inLanguage":"ro-RO","@id":"https:\/\/www.pauls-bauernhof.de\/produkt\/kuerbiserlebniswelt-maislabyrinth-halloween-nightam-26-10-20251000-1830-uhr\/#primaryimage","url":"https:\/\/www.pauls-bauernhof.de\/wp-content\/uploads\/2025\/09\/10-26-2025.gif","contentUrl":"https:\/\/www.pauls-bauernhof.de\/wp-content\/uploads\/2025\/09\/10-26-2025.gif","width":800,"height":800},{"@type":"BreadcrumbList","@id":"https:\/\/www.pauls-bauernhof.de\/produkt\/kuerbiserlebniswelt-maislabyrinth-halloween-nightam-26-10-20251000-1830-uhr\/#breadcrumb","itemListElement":[{"@type":"ListItem","position":1,"name":"Startseite","item":"https:\/\/www.pauls-bauernhof.de\/"},{"@type":"ListItem","position":2,"name":"Produkty","item":"https:\/\/www.pauls-bauernhof.de\/pl\/online-shop\/"},{"@type":"ListItem","position":3,"name":"K\u00fcrbiserlebniswelt &#038; Maislabyrinth &#038; Halloween-Nightam 26.10.202510:00 &#8211; 18:30 Uhr"}]},{"@type":"WebSite","@id":"https:\/\/www.pauls-bauernhof.de\/#website","url":"https:\/\/www.pauls-bauernhof.de\/","name":"Pauls Bauernhof Hofheim-Wallau - Erdbeeren - K\u00fcrbisse - Online-Shop","description":"Bei uns bekommen Sie Erbeeren, Speise- und Zirrk\u00fcrbisse sowie Kartoffeln, knackfrisches Obst und Gem\u00fcse. Viele Produkte erhalten Sie auch in unserem ONLINE-SHOP, wie z.B. Marmeladen, Getr\u00e4nke und Suppen","publisher":{"@id":"https:\/\/www.pauls-bauernhof.de\/#organization"},"potentialAction":[{"@type":"SearchAction","target":{"@type":"EntryPoint","urlTemplate":"https:\/\/www.pauls-bauernhof.de\/?s={search_term_string}"},"query-input":{"@type":"PropertyValueSpecification","valueRequired":true,"valueName":"search_term_string"}}],"inLanguage":"ro-RO"},{"@type":"Organization","@id":"https:\/\/www.pauls-bauernhof.de\/#organization","name":"Paul's Bauernhof","url":"https:\/\/www.pauls-bauernhof.de\/","logo":{"@type":"ImageObject","inLanguage":"ro-RO","@id":"https:\/\/www.pauls-bauernhof.de\/#\/schema\/logo\/image\/","url":"https:\/\/i2.wp.com\/www.pauls-bauernhof.de\/wp-content\/uploads\/2020\/05\/LogoTransparent4.png?fit=366%2C144&ssl=1","contentUrl":"https:\/\/i2.wp.com\/www.pauls-bauernhof.de\/wp-content\/uploads\/2020\/05\/LogoTransparent4.png?fit=366%2C144&ssl=1","width":366,"height":144,"caption":"Paul's Bauernhof"},"image":{"@id":"https:\/\/www.pauls-bauernhof.de\/#\/schema\/logo\/image\/"},"sameAs":["https:\/\/www.facebook.com\/paulsbauernhof\/","https:\/\/www.instagram.com\/pauls_bauernhof\/"]}]}},"_links":{"self":[{"href":"https:\/\/www.pauls-bauernhof.de\/ro\/wp-json\/wp\/v2\/product\/49239","targetHints":{"allow":["GET"]}}],"collection":[{"href":"https:\/\/www.pauls-bauernhof.de\/ro\/wp-json\/wp\/v2\/product"}],"about":[{"href":"https:\/\/www.pauls-bauernhof.de\/ro\/wp-json\/wp\/v2\/types\/product"}],"version-history":[{"count":3,"href":"https:\/\/www.pauls-bauernhof.de\/ro\/wp-json\/wp\/v2\/product\/49239\/revisions"}],"predecessor-version":[{"id":49246,"href":"https:\/\/www.pauls-bauernhof.de\/ro\/wp-json\/wp\/v2\/product\/49239\/revisions\/49246"}],"wp:featuredmedia":[{"embeddable":true,"href":"https:\/\/www.pauls-bauernhof.de\/ro\/wp-json\/wp\/v2\/media\/49241"}],"wp:attachment":[{"href":"https:\/\/www.pauls-bauernhof.de\/ro\/wp-json\/wp\/v2\/media?parent=49239"}],"wp:term":[{"taxonomy":"product_brand","embeddable":true,"href":"https:\/\/www.pauls-bauernhof.de\/ro\/wp-json\/wp\/v2\/product_brand?post=49239"},{"taxonomy":"product_cat","embeddable":true,"href":"https:\/\/www.pauls-bauernhof.de\/ro\/wp-json\/wp\/v2\/product_cat?post=49239"},{"taxonomy":"product_tag","embeddable":true,"href":"https:\/\/www.pauls-bauernhof.de\/ro\/wp-json\/wp\/v2\/product_tag?post=49239"},{"taxonomy":"produkte","embeddable":true,"href":"https:\/\/www.pauls-bauernhof.de\/ro\/wp-json\/wp\/v2\/produkte?post=49239"}],"curies":[{"name":"wp","href":"https:\/\/api.w.org\/{rel}","templated":true}]}}