{"id":42278,"date":"2025-08-24T22:16:41","date_gmt":"2025-08-24T20:16:41","guid":{"rendered":"https:\/\/www.pauls-bauernhof.de\/?post_type=product&#038;p=42278"},"modified":"2025-09-29T13:22:03","modified_gmt":"2025-09-29T11:22:03","slug":"kindergeburtstag-07-10-2025zwischen1000-uhr-1900-uhr","status":"publish","type":"product","link":"https:\/\/www.pauls-bauernhof.de\/pl\/produkt\/kindergeburtstag-07-10-2025zwischen1000-uhr-1900-uhr\/","title":{"rendered":"Kindergeburtstag 07.10.2025<br>zwischen<br>10:00 Uhr &#8211; 19:00 Uhr"},"content":{"rendered":"<p><strong>Bitte melden Sie sich bei Ankunft mit Ihrer Gruppe vor Ort bei unseren Kollegen, damit wir den zeitlichen Ablauf und Ihre Essenauswahl besprechen und planen k\u00f6nnen.<\/strong><\/p>\n<p>Kindergeburtstag beinhaltet:<\/p>\n<ul>\n<li>Eintritt ins Maislabyrinth<\/li>\n<li>K\u00fcrbisschnitzen (Schnitzmesser, Schablone, wird leihweise zur Verf\u00fcgung gestellt)<\/li>\n<li>1 x Wurst im Br\u00f6tchen ODER Maiskolben mit Butter &amp; Salz<\/li>\n<\/ul>\n<p>Zum Preis von 14,00 \u20ac\/Person (Kinder bis 18 Jahre)<\/p>\n<p>Das Geburtstagskind ist frei (bei Vorlage des Ausweises)<\/p>\n<p>Erwachsene &gt; 18 Jahre zahlen 17,00 \u20ac\/Person<\/p>\n<p>Kinder &lt; 1 m K\u00f6rpergr\u00f6\u00dfe haben freien Eintritt<\/p>\n<p><strong>Das Ticket ist nur an dem Tag g\u00fcltig.<\/strong><\/p>","protected":false},"excerpt":{"rendered":"<p>Bitte melden Sie sich bei Ankunft mit Ihrer Gruppe vor Ort bei unseren Kollegen, damit wir den zeitlichen Ablauf und Ihre Essenauswahl besprechen und planen k\u00f6nnen. Kindergeburtstag beinhaltet: Eintritt ins Maislabyrinth K\u00fcrbisschnitzen (Schnitzmesser, Schablone, wird leihweise zur Verf\u00fcgung gestellt) 1 x Wurst im Br\u00f6tchen ODER Maiskolben mit Butter &amp; Salz Zum Preis von 14,00 \u20ac\/Person [&hellip;]<\/p>","protected":false},"featured_media":9982,"template":"","meta":[],"product_brand":[],"product_cat":[174],"product_tag":[],"produkte":[],"class_list":{"0":"post-42278","1":"product","2":"type-product","3":"status-publish","4":"has-post-thumbnail","6":"product_cat-kindergeburtstag","8":"first","9":"instock","10":"virtual","11":"taxable","12":"purchasable","13":"product-type-woosb"},"yoast_head":"<!-- This site is optimized with the Yoast SEO plugin v26.1.1 - https:\/\/yoast.com\/wordpress\/plugins\/seo\/ -->\n<title>Kindergeburtstag 07.10.2025zwischen10:00 Uhr - 19:00 Uhr - Pauls Bauernhof Hofheim-Wallau - Erdbeeren - K\u00fcrbisse - Online-Shop<\/title>\n<meta name=\"description\" content=\"Kindergeburtstag feiern bei uns im Maislabyrinth und in der K\u00fcrbiserlebniswelt. Tickets dazu direkt online kaufen und in Hofheim-Wallau feiern.\" \/>\n<meta name=\"robots\" content=\"index, follow, max-snippet:-1, max-image-preview:large, max-video-preview:-1\" \/>\n<link rel=\"canonical\" href=\"https:\/\/www.pauls-bauernhof.de\/pl\/produkt\/kindergeburtstag-07-10-2025zwischen1000-uhr-1900-uhr\/\" \/>\n<meta property=\"og:locale\" content=\"pl_PL\" \/>\n<meta property=\"og:type\" content=\"article\" \/>\n<meta property=\"og:title\" content=\"Kindergeburtstag 07.10.2025zwischen10:00 Uhr - 19:00 Uhr - Pauls Bauernhof Hofheim-Wallau - Erdbeeren - K\u00fcrbisse - Online-Shop\" \/>\n<meta property=\"og:description\" content=\"Kindergeburtstag feiern bei uns im Maislabyrinth und in der K\u00fcrbiserlebniswelt. Tickets dazu direkt online kaufen und in Hofheim-Wallau feiern.\" \/>\n<meta property=\"og:url\" content=\"https:\/\/www.pauls-bauernhof.de\/pl\/produkt\/kindergeburtstag-07-10-2025zwischen1000-uhr-1900-uhr\/\" \/>\n<meta property=\"og:site_name\" content=\"Pauls Bauernhof Hofheim-Wallau - Erdbeeren - K\u00fcrbisse - Online-Shop\" \/>\n<meta property=\"article:publisher\" content=\"https:\/\/www.facebook.com\/paulsbauernhof\/\" \/>\n<meta property=\"article:modified_time\" content=\"2025-09-29T11:22:03+00:00\" \/>\n<meta property=\"og:image\" content=\"https:\/\/www.pauls-bauernhof.de\/wp-content\/uploads\/2024\/06\/KiGeb2023.jpg\" \/>\n\t<meta property=\"og:image:width\" content=\"500\" \/>\n\t<meta property=\"og:image:height\" content=\"280\" \/>\n\t<meta property=\"og:image:type\" content=\"image\/jpeg\" \/>\n<meta name=\"twitter:card\" content=\"summary_large_image\" \/>\n<meta name=\"twitter:label1\" content=\"Szacowany czas czytania\" \/>\n\t<meta name=\"twitter:data1\" content=\"1 minuta\" \/>\n<script type=\"application\/ld+json\" class=\"yoast-schema-graph\">{\"@context\":\"https:\/\/schema.org\",\"@graph\":[{\"@type\":\"WebPage\",\"@id\":\"https:\/\/www.pauls-bauernhof.de\/produkt\/kindergeburtstag-07-10-2025zwischen1000-uhr-1900-uhr\/\",\"url\":\"https:\/\/www.pauls-bauernhof.de\/produkt\/kindergeburtstag-07-10-2025zwischen1000-uhr-1900-uhr\/\",\"name\":\"Kindergeburtstag 07.10.2025 zwischen 10:00 Uhr - 19:00 Uhr - Pauls Bauernhof Hofheim-Wallau - Erdbeeren - K\u00fcrbisse - Online-Shop\",\"isPartOf\":{\"@id\":\"https:\/\/www.pauls-bauernhof.de\/#website\"},\"primaryImageOfPage\":{\"@id\":\"https:\/\/www.pauls-bauernhof.de\/produkt\/kindergeburtstag-07-10-2025zwischen1000-uhr-1900-uhr\/#primaryimage\"},\"image\":{\"@id\":\"https:\/\/www.pauls-bauernhof.de\/produkt\/kindergeburtstag-07-10-2025zwischen1000-uhr-1900-uhr\/#primaryimage\"},\"thumbnailUrl\":\"https:\/\/www.pauls-bauernhof.de\/wp-content\/uploads\/2024\/06\/KiGeb2023.jpg\",\"datePublished\":\"2025-08-24T20:16:41+00:00\",\"dateModified\":\"2025-09-29T11:22:03+00:00\",\"description\":\"Kindergeburtstag feiern bei uns im Maislabyrinth und in der K\u00fcrbiserlebniswelt. Tickets dazu direkt online kaufen und in Hofheim-Wallau feiern.\",\"breadcrumb\":{\"@id\":\"https:\/\/www.pauls-bauernhof.de\/produkt\/kindergeburtstag-07-10-2025zwischen1000-uhr-1900-uhr\/#breadcrumb\"},\"inLanguage\":\"pl-PL\",\"potentialAction\":[{\"@type\":\"ReadAction\",\"target\":[\"https:\/\/www.pauls-bauernhof.de\/produkt\/kindergeburtstag-07-10-2025zwischen1000-uhr-1900-uhr\/\"]}]},{\"@type\":\"ImageObject\",\"inLanguage\":\"pl-PL\",\"@id\":\"https:\/\/www.pauls-bauernhof.de\/produkt\/kindergeburtstag-07-10-2025zwischen1000-uhr-1900-uhr\/#primaryimage\",\"url\":\"https:\/\/www.pauls-bauernhof.de\/wp-content\/uploads\/2024\/06\/KiGeb2023.jpg\",\"contentUrl\":\"https:\/\/www.pauls-bauernhof.de\/wp-content\/uploads\/2024\/06\/KiGeb2023.jpg\",\"width\":500,\"height\":280},{\"@type\":\"BreadcrumbList\",\"@id\":\"https:\/\/www.pauls-bauernhof.de\/produkt\/kindergeburtstag-07-10-2025zwischen1000-uhr-1900-uhr\/#breadcrumb\",\"itemListElement\":[{\"@type\":\"ListItem\",\"position\":1,\"name\":\"Startseite\",\"item\":\"https:\/\/www.pauls-bauernhof.de\/\"},{\"@type\":\"ListItem\",\"position\":2,\"name\":\"Produkty\",\"item\":\"https:\/\/www.pauls-bauernhof.de\/pl\/online-shop\/\"},{\"@type\":\"ListItem\",\"position\":3,\"name\":\"Kindergeburtstag 07.10.2025zwischen10:00 Uhr &#8211; 19:00 Uhr\"}]},{\"@type\":\"WebSite\",\"@id\":\"https:\/\/www.pauls-bauernhof.de\/#website\",\"url\":\"https:\/\/www.pauls-bauernhof.de\/\",\"name\":\"Pauls Bauernhof Hofheim-Wallau - Erdbeeren - K\u00fcrbisse - Online-Shop\",\"description\":\"Bei uns bekommen Sie Erbeeren, Speise- und Zirrk\u00fcrbisse sowie Kartoffeln, knackfrisches Obst und Gem\u00fcse. Viele Produkte erhalten Sie auch in unserem ONLINE-SHOP, wie z.B. Marmeladen, Getr\u00e4nke und Suppen\",\"publisher\":{\"@id\":\"https:\/\/www.pauls-bauernhof.de\/#organization\"},\"potentialAction\":[{\"@type\":\"SearchAction\",\"target\":{\"@type\":\"EntryPoint\",\"urlTemplate\":\"https:\/\/www.pauls-bauernhof.de\/?s={search_term_string}\"},\"query-input\":{\"@type\":\"PropertyValueSpecification\",\"valueRequired\":true,\"valueName\":\"search_term_string\"}}],\"inLanguage\":\"pl-PL\"},{\"@type\":\"Organization\",\"@id\":\"https:\/\/www.pauls-bauernhof.de\/#organization\",\"name\":\"Paul's Bauernhof\",\"url\":\"https:\/\/www.pauls-bauernhof.de\/\",\"logo\":{\"@type\":\"ImageObject\",\"inLanguage\":\"pl-PL\",\"@id\":\"https:\/\/www.pauls-bauernhof.de\/#\/schema\/logo\/image\/\",\"url\":\"https:\/\/i2.wp.com\/www.pauls-bauernhof.de\/wp-content\/uploads\/2020\/05\/LogoTransparent4.png?fit=366%2C144&ssl=1\",\"contentUrl\":\"https:\/\/i2.wp.com\/www.pauls-bauernhof.de\/wp-content\/uploads\/2020\/05\/LogoTransparent4.png?fit=366%2C144&ssl=1\",\"width\":366,\"height\":144,\"caption\":\"Paul's Bauernhof\"},\"image\":{\"@id\":\"https:\/\/www.pauls-bauernhof.de\/#\/schema\/logo\/image\/\"},\"sameAs\":[\"https:\/\/www.facebook.com\/paulsbauernhof\/\",\"https:\/\/www.instagram.com\/pauls_bauernhof\/\"]}]}<\/script>\n<!-- \/ Yoast SEO plugin. -->","yoast_head_json":{"title":"Kindergeburtstag 07.10.2025zwischen10:00 Uhr - 19:00 Uhr - Pauls Bauernhof Hofheim-Wallau - Erdbeeren - K\u00fcrbisse - Online-Shop","description":"Kindergeburtstag feiern bei uns im Maislabyrinth und in der K\u00fcrbiserlebniswelt. Tickets dazu direkt online kaufen und in Hofheim-Wallau feiern.","robots":{"index":"index","follow":"follow","max-snippet":"max-snippet:-1","max-image-preview":"max-image-preview:large","max-video-preview":"max-video-preview:-1"},"canonical":"https:\/\/www.pauls-bauernhof.de\/pl\/produkt\/kindergeburtstag-07-10-2025zwischen1000-uhr-1900-uhr\/","og_locale":"pl_PL","og_type":"article","og_title":"Kindergeburtstag 07.10.2025zwischen10:00 Uhr - 19:00 Uhr - Pauls Bauernhof Hofheim-Wallau - Erdbeeren - K\u00fcrbisse - Online-Shop","og_description":"Kindergeburtstag feiern bei uns im Maislabyrinth und in der K\u00fcrbiserlebniswelt. Tickets dazu direkt online kaufen und in Hofheim-Wallau feiern.","og_url":"https:\/\/www.pauls-bauernhof.de\/pl\/produkt\/kindergeburtstag-07-10-2025zwischen1000-uhr-1900-uhr\/","og_site_name":"Pauls Bauernhof Hofheim-Wallau - Erdbeeren - K\u00fcrbisse - Online-Shop","article_publisher":"https:\/\/www.facebook.com\/paulsbauernhof\/","article_modified_time":"2025-09-29T11:22:03+00:00","og_image":[{"width":500,"height":280,"url":"https:\/\/www.pauls-bauernhof.de\/wp-content\/uploads\/2024\/06\/KiGeb2023.jpg","type":"image\/jpeg"}],"twitter_card":"summary_large_image","twitter_misc":{"Szacowany czas czytania":"1 minuta"},"schema":{"@context":"https:\/\/schema.org","@graph":[{"@type":"WebPage","@id":"https:\/\/www.pauls-bauernhof.de\/produkt\/kindergeburtstag-07-10-2025zwischen1000-uhr-1900-uhr\/","url":"https:\/\/www.pauls-bauernhof.de\/produkt\/kindergeburtstag-07-10-2025zwischen1000-uhr-1900-uhr\/","name":"Kindergeburtstag 07.10.2025 zwischen 10:00 Uhr - 19:00 Uhr - Pauls Bauernhof Hofheim-Wallau - Erdbeeren - K\u00fcrbisse - Online-Shop","isPartOf":{"@id":"https:\/\/www.pauls-bauernhof.de\/#website"},"primaryImageOfPage":{"@id":"https:\/\/www.pauls-bauernhof.de\/produkt\/kindergeburtstag-07-10-2025zwischen1000-uhr-1900-uhr\/#primaryimage"},"image":{"@id":"https:\/\/www.pauls-bauernhof.de\/produkt\/kindergeburtstag-07-10-2025zwischen1000-uhr-1900-uhr\/#primaryimage"},"thumbnailUrl":"https:\/\/www.pauls-bauernhof.de\/wp-content\/uploads\/2024\/06\/KiGeb2023.jpg","datePublished":"2025-08-24T20:16:41+00:00","dateModified":"2025-09-29T11:22:03+00:00","description":"Kindergeburtstag feiern bei uns im Maislabyrinth und in der K\u00fcrbiserlebniswelt. Tickets dazu direkt online kaufen und in Hofheim-Wallau feiern.","breadcrumb":{"@id":"https:\/\/www.pauls-bauernhof.de\/produkt\/kindergeburtstag-07-10-2025zwischen1000-uhr-1900-uhr\/#breadcrumb"},"inLanguage":"pl-PL","potentialAction":[{"@type":"ReadAction","target":["https:\/\/www.pauls-bauernhof.de\/produkt\/kindergeburtstag-07-10-2025zwischen1000-uhr-1900-uhr\/"]}]},{"@type":"ImageObject","inLanguage":"pl-PL","@id":"https:\/\/www.pauls-bauernhof.de\/produkt\/kindergeburtstag-07-10-2025zwischen1000-uhr-1900-uhr\/#primaryimage","url":"https:\/\/www.pauls-bauernhof.de\/wp-content\/uploads\/2024\/06\/KiGeb2023.jpg","contentUrl":"https:\/\/www.pauls-bauernhof.de\/wp-content\/uploads\/2024\/06\/KiGeb2023.jpg","width":500,"height":280},{"@type":"BreadcrumbList","@id":"https:\/\/www.pauls-bauernhof.de\/produkt\/kindergeburtstag-07-10-2025zwischen1000-uhr-1900-uhr\/#breadcrumb","itemListElement":[{"@type":"ListItem","position":1,"name":"Startseite","item":"https:\/\/www.pauls-bauernhof.de\/"},{"@type":"ListItem","position":2,"name":"Produkty","item":"https:\/\/www.pauls-bauernhof.de\/pl\/online-shop\/"},{"@type":"ListItem","position":3,"name":"Kindergeburtstag 07.10.2025zwischen10:00 Uhr &#8211; 19:00 Uhr"}]},{"@type":"WebSite","@id":"https:\/\/www.pauls-bauernhof.de\/#website","url":"https:\/\/www.pauls-bauernhof.de\/","name":"Pauls Bauernhof Hofheim-Wallau - Erdbeeren - K\u00fcrbisse - Online-Shop","description":"Bei uns bekommen Sie Erbeeren, Speise- und Zirrk\u00fcrbisse sowie Kartoffeln, knackfrisches Obst und Gem\u00fcse. Viele Produkte erhalten Sie auch in unserem ONLINE-SHOP, wie z.B. Marmeladen, Getr\u00e4nke und Suppen","publisher":{"@id":"https:\/\/www.pauls-bauernhof.de\/#organization"},"potentialAction":[{"@type":"SearchAction","target":{"@type":"EntryPoint","urlTemplate":"https:\/\/www.pauls-bauernhof.de\/?s={search_term_string}"},"query-input":{"@type":"PropertyValueSpecification","valueRequired":true,"valueName":"search_term_string"}}],"inLanguage":"pl-PL"},{"@type":"Organization","@id":"https:\/\/www.pauls-bauernhof.de\/#organization","name":"Paul's Bauernhof","url":"https:\/\/www.pauls-bauernhof.de\/","logo":{"@type":"ImageObject","inLanguage":"pl-PL","@id":"https:\/\/www.pauls-bauernhof.de\/#\/schema\/logo\/image\/","url":"https:\/\/i2.wp.com\/www.pauls-bauernhof.de\/wp-content\/uploads\/2020\/05\/LogoTransparent4.png?fit=366%2C144&ssl=1","contentUrl":"https:\/\/i2.wp.com\/www.pauls-bauernhof.de\/wp-content\/uploads\/2020\/05\/LogoTransparent4.png?fit=366%2C144&ssl=1","width":366,"height":144,"caption":"Paul's Bauernhof"},"image":{"@id":"https:\/\/www.pauls-bauernhof.de\/#\/schema\/logo\/image\/"},"sameAs":["https:\/\/www.facebook.com\/paulsbauernhof\/","https:\/\/www.instagram.com\/pauls_bauernhof\/"]}]}},"_links":{"self":[{"href":"https:\/\/www.pauls-bauernhof.de\/pl\/wp-json\/wp\/v2\/product\/42278","targetHints":{"allow":["GET"]}}],"collection":[{"href":"https:\/\/www.pauls-bauernhof.de\/pl\/wp-json\/wp\/v2\/product"}],"about":[{"href":"https:\/\/www.pauls-bauernhof.de\/pl\/wp-json\/wp\/v2\/types\/product"}],"version-history":[{"count":1,"href":"https:\/\/www.pauls-bauernhof.de\/pl\/wp-json\/wp\/v2\/product\/42278\/revisions"}],"predecessor-version":[{"id":50268,"href":"https:\/\/www.pauls-bauernhof.de\/pl\/wp-json\/wp\/v2\/product\/42278\/revisions\/50268"}],"wp:featuredmedia":[{"embeddable":true,"href":"https:\/\/www.pauls-bauernhof.de\/pl\/wp-json\/wp\/v2\/media\/9982"}],"wp:attachment":[{"href":"https:\/\/www.pauls-bauernhof.de\/pl\/wp-json\/wp\/v2\/media?parent=42278"}],"wp:term":[{"taxonomy":"product_brand","embeddable":true,"href":"https:\/\/www.pauls-bauernhof.de\/pl\/wp-json\/wp\/v2\/product_brand?post=42278"},{"taxonomy":"product_cat","embeddable":true,"href":"https:\/\/www.pauls-bauernhof.de\/pl\/wp-json\/wp\/v2\/product_cat?post=42278"},{"taxonomy":"product_tag","embeddable":true,"href":"https:\/\/www.pauls-bauernhof.de\/pl\/wp-json\/wp\/v2\/product_tag?post=42278"},{"taxonomy":"produkte","embeddable":true,"href":"https:\/\/www.pauls-bauernhof.de\/pl\/wp-json\/wp\/v2\/produkte?post=42278"}],"curies":[{"name":"wp","href":"https:\/\/api.w.org\/{rel}","templated":true}]}}