{"id":38756,"date":"2025-07-22T12:30:27","date_gmt":"2025-07-22T10:30:27","guid":{"rendered":"https:\/\/www.pauls-bauernhof.de\/produkt\/"},"modified":"2025-07-26T22:23:30","modified_gmt":"2025-07-26T20:23:30","slug":"erwachsene-kindergeburtstag-08-08-2025","status":"publish","type":"product","link":"https:\/\/www.pauls-bauernhof.de\/pl\/produkt\/erwachsene-kindergeburtstag-08-08-2025\/","title":{"rendered":"Erwachsene Kindergeburtstag 08.08.2025"},"content":{"rendered":"","protected":false},"excerpt":{"rendered":"<p>Erwachsene, 18 Jahre und \u00e4lter<br \/>\n(17,00 \u20ac p. P.)<\/p>","protected":false},"featured_media":9979,"template":"","meta":[],"product_brand":[],"product_cat":[174],"product_tag":[],"produkte":[],"class_list":{"0":"post-38756","1":"product","2":"type-product","3":"status-publish","4":"has-post-thumbnail","6":"product_cat-kindergeburtstag","8":"first","9":"instock","10":"virtual","11":"taxable","12":"purchasable","13":"product-type-simple"},"yoast_head":"<!-- This site is optimized with the Yoast SEO plugin v26.1.1 - https:\/\/yoast.com\/wordpress\/plugins\/seo\/ -->\n<title>Erwachsene Kindergeburtstag 08.08.2025 - Pauls Bauernhof Hofheim-Wallau - Erdbeeren - K\u00fcrbisse - Online-Shop<\/title>\n<meta name=\"description\" content=\"Erwachsene zum Kindergeburtstag bei uns im Maislabyrinth und in der K\u00fcrbiserlebniswelt. Feiert euren Kindergeburtstag bei uns in Hofheim-Wallau.\" \/>\n<meta name=\"robots\" content=\"index, follow, max-snippet:-1, max-image-preview:large, max-video-preview:-1\" \/>\n<link rel=\"canonical\" href=\"https:\/\/www.pauls-bauernhof.de\/pl\/produkt\/erwachsene-kindergeburtstag-08-08-2025\/\" \/>\n<meta property=\"og:locale\" content=\"pl_PL\" \/>\n<meta property=\"og:type\" content=\"article\" \/>\n<meta property=\"og:title\" content=\"Erwachsene Kindergeburtstag 08.08.2025 - Pauls Bauernhof Hofheim-Wallau - Erdbeeren - K\u00fcrbisse - Online-Shop\" \/>\n<meta property=\"og:description\" content=\"Erwachsene zum Kindergeburtstag bei uns im Maislabyrinth und in der K\u00fcrbiserlebniswelt. Feiert euren Kindergeburtstag bei uns in Hofheim-Wallau.\" \/>\n<meta property=\"og:url\" content=\"https:\/\/www.pauls-bauernhof.de\/pl\/produkt\/erwachsene-kindergeburtstag-08-08-2025\/\" \/>\n<meta property=\"og:site_name\" content=\"Pauls Bauernhof Hofheim-Wallau - Erdbeeren - K\u00fcrbisse - Online-Shop\" \/>\n<meta property=\"article:publisher\" content=\"https:\/\/www.facebook.com\/paulsbauernhof\/\" \/>\n<meta property=\"article:modified_time\" content=\"2025-07-26T20:23:30+00:00\" \/>\n<meta property=\"og:image\" content=\"https:\/\/www.pauls-bauernhof.de\/wp-content\/uploads\/2024\/06\/ErwKiGeb2023.png\" \/>\n\t<meta property=\"og:image:width\" content=\"800\" \/>\n\t<meta property=\"og:image:height\" content=\"800\" \/>\n\t<meta property=\"og:image:type\" content=\"image\/png\" \/>\n<meta name=\"twitter:card\" content=\"summary_large_image\" \/>\n<meta name=\"twitter:label1\" content=\"Szacowany czas czytania\" \/>\n\t<meta name=\"twitter:data1\" content=\"1 minuta\" \/>\n<script type=\"application\/ld+json\" class=\"yoast-schema-graph\">{\"@context\":\"https:\/\/schema.org\",\"@graph\":[{\"@type\":\"WebPage\",\"@id\":\"https:\/\/www.pauls-bauernhof.de\/produkt\/erwachsene-kindergeburtstag-08-08-2025\/\",\"url\":\"https:\/\/www.pauls-bauernhof.de\/produkt\/erwachsene-kindergeburtstag-08-08-2025\/\",\"name\":\"Erwachsene Kindergeburtstag 08.08.2025 - Pauls Bauernhof Hofheim-Wallau - Erdbeeren - K\u00fcrbisse - Online-Shop\",\"isPartOf\":{\"@id\":\"https:\/\/www.pauls-bauernhof.de\/#website\"},\"primaryImageOfPage\":{\"@id\":\"https:\/\/www.pauls-bauernhof.de\/produkt\/erwachsene-kindergeburtstag-08-08-2025\/#primaryimage\"},\"image\":{\"@id\":\"https:\/\/www.pauls-bauernhof.de\/produkt\/erwachsene-kindergeburtstag-08-08-2025\/#primaryimage\"},\"thumbnailUrl\":\"https:\/\/www.pauls-bauernhof.de\/wp-content\/uploads\/2024\/06\/ErwKiGeb2023.png\",\"datePublished\":\"2025-07-22T10:30:27+00:00\",\"dateModified\":\"2025-07-26T20:23:30+00:00\",\"description\":\"Erwachsene zum Kindergeburtstag bei uns im Maislabyrinth und in der K\u00fcrbiserlebniswelt. Feiert euren Kindergeburtstag bei uns in Hofheim-Wallau.\",\"breadcrumb\":{\"@id\":\"https:\/\/www.pauls-bauernhof.de\/produkt\/erwachsene-kindergeburtstag-08-08-2025\/#breadcrumb\"},\"inLanguage\":\"pl-PL\",\"potentialAction\":[{\"@type\":\"ReadAction\",\"target\":[\"https:\/\/www.pauls-bauernhof.de\/produkt\/erwachsene-kindergeburtstag-08-08-2025\/\"]}]},{\"@type\":\"ImageObject\",\"inLanguage\":\"pl-PL\",\"@id\":\"https:\/\/www.pauls-bauernhof.de\/produkt\/erwachsene-kindergeburtstag-08-08-2025\/#primaryimage\",\"url\":\"https:\/\/www.pauls-bauernhof.de\/wp-content\/uploads\/2024\/06\/ErwKiGeb2023.png\",\"contentUrl\":\"https:\/\/www.pauls-bauernhof.de\/wp-content\/uploads\/2024\/06\/ErwKiGeb2023.png\",\"width\":800,\"height\":800},{\"@type\":\"BreadcrumbList\",\"@id\":\"https:\/\/www.pauls-bauernhof.de\/produkt\/erwachsene-kindergeburtstag-08-08-2025\/#breadcrumb\",\"itemListElement\":[{\"@type\":\"ListItem\",\"position\":1,\"name\":\"Startseite\",\"item\":\"https:\/\/www.pauls-bauernhof.de\/\"},{\"@type\":\"ListItem\",\"position\":2,\"name\":\"Produkty\",\"item\":\"https:\/\/www.pauls-bauernhof.de\/pl\/online-shop\/\"},{\"@type\":\"ListItem\",\"position\":3,\"name\":\"Erwachsene Kindergeburtstag 08.08.2025\"}]},{\"@type\":\"WebSite\",\"@id\":\"https:\/\/www.pauls-bauernhof.de\/#website\",\"url\":\"https:\/\/www.pauls-bauernhof.de\/\",\"name\":\"Pauls Bauernhof Hofheim-Wallau - Erdbeeren - K\u00fcrbisse - Online-Shop\",\"description\":\"Bei uns bekommen Sie Erbeeren, Speise- und Zirrk\u00fcrbisse sowie Kartoffeln, knackfrisches Obst und Gem\u00fcse. Viele Produkte erhalten Sie auch in unserem ONLINE-SHOP, wie z.B. Marmeladen, Getr\u00e4nke und Suppen\",\"publisher\":{\"@id\":\"https:\/\/www.pauls-bauernhof.de\/#organization\"},\"potentialAction\":[{\"@type\":\"SearchAction\",\"target\":{\"@type\":\"EntryPoint\",\"urlTemplate\":\"https:\/\/www.pauls-bauernhof.de\/?s={search_term_string}\"},\"query-input\":{\"@type\":\"PropertyValueSpecification\",\"valueRequired\":true,\"valueName\":\"search_term_string\"}}],\"inLanguage\":\"pl-PL\"},{\"@type\":\"Organization\",\"@id\":\"https:\/\/www.pauls-bauernhof.de\/#organization\",\"name\":\"Paul's Bauernhof\",\"url\":\"https:\/\/www.pauls-bauernhof.de\/\",\"logo\":{\"@type\":\"ImageObject\",\"inLanguage\":\"pl-PL\",\"@id\":\"https:\/\/www.pauls-bauernhof.de\/#\/schema\/logo\/image\/\",\"url\":\"https:\/\/i2.wp.com\/www.pauls-bauernhof.de\/wp-content\/uploads\/2020\/05\/LogoTransparent4.png?fit=366%2C144&ssl=1\",\"contentUrl\":\"https:\/\/i2.wp.com\/www.pauls-bauernhof.de\/wp-content\/uploads\/2020\/05\/LogoTransparent4.png?fit=366%2C144&ssl=1\",\"width\":366,\"height\":144,\"caption\":\"Paul's Bauernhof\"},\"image\":{\"@id\":\"https:\/\/www.pauls-bauernhof.de\/#\/schema\/logo\/image\/\"},\"sameAs\":[\"https:\/\/www.facebook.com\/paulsbauernhof\/\",\"https:\/\/www.instagram.com\/pauls_bauernhof\/\"]}]}<\/script>\n<!-- \/ Yoast SEO plugin. -->","yoast_head_json":{"title":"Erwachsene Kindergeburtstag 08.08.2025 - Pauls Bauernhof Hofheim-Wallau - Erdbeeren - K\u00fcrbisse - Online-Shop","description":"Erwachsene zum Kindergeburtstag bei uns im Maislabyrinth und in der K\u00fcrbiserlebniswelt. Feiert euren Kindergeburtstag bei uns in Hofheim-Wallau.","robots":{"index":"index","follow":"follow","max-snippet":"max-snippet:-1","max-image-preview":"max-image-preview:large","max-video-preview":"max-video-preview:-1"},"canonical":"https:\/\/www.pauls-bauernhof.de\/pl\/produkt\/erwachsene-kindergeburtstag-08-08-2025\/","og_locale":"pl_PL","og_type":"article","og_title":"Erwachsene Kindergeburtstag 08.08.2025 - Pauls Bauernhof Hofheim-Wallau - Erdbeeren - K\u00fcrbisse - Online-Shop","og_description":"Erwachsene zum Kindergeburtstag bei uns im Maislabyrinth und in der K\u00fcrbiserlebniswelt. Feiert euren Kindergeburtstag bei uns in Hofheim-Wallau.","og_url":"https:\/\/www.pauls-bauernhof.de\/pl\/produkt\/erwachsene-kindergeburtstag-08-08-2025\/","og_site_name":"Pauls Bauernhof Hofheim-Wallau - Erdbeeren - K\u00fcrbisse - Online-Shop","article_publisher":"https:\/\/www.facebook.com\/paulsbauernhof\/","article_modified_time":"2025-07-26T20:23:30+00:00","og_image":[{"width":800,"height":800,"url":"https:\/\/www.pauls-bauernhof.de\/wp-content\/uploads\/2024\/06\/ErwKiGeb2023.png","type":"image\/png"}],"twitter_card":"summary_large_image","twitter_misc":{"Szacowany czas czytania":"1 minuta"},"schema":{"@context":"https:\/\/schema.org","@graph":[{"@type":"WebPage","@id":"https:\/\/www.pauls-bauernhof.de\/produkt\/erwachsene-kindergeburtstag-08-08-2025\/","url":"https:\/\/www.pauls-bauernhof.de\/produkt\/erwachsene-kindergeburtstag-08-08-2025\/","name":"Erwachsene Kindergeburtstag 08.08.2025 - Pauls Bauernhof Hofheim-Wallau - Erdbeeren - K\u00fcrbisse - Online-Shop","isPartOf":{"@id":"https:\/\/www.pauls-bauernhof.de\/#website"},"primaryImageOfPage":{"@id":"https:\/\/www.pauls-bauernhof.de\/produkt\/erwachsene-kindergeburtstag-08-08-2025\/#primaryimage"},"image":{"@id":"https:\/\/www.pauls-bauernhof.de\/produkt\/erwachsene-kindergeburtstag-08-08-2025\/#primaryimage"},"thumbnailUrl":"https:\/\/www.pauls-bauernhof.de\/wp-content\/uploads\/2024\/06\/ErwKiGeb2023.png","datePublished":"2025-07-22T10:30:27+00:00","dateModified":"2025-07-26T20:23:30+00:00","description":"Erwachsene zum Kindergeburtstag bei uns im Maislabyrinth und in der K\u00fcrbiserlebniswelt. Feiert euren Kindergeburtstag bei uns in Hofheim-Wallau.","breadcrumb":{"@id":"https:\/\/www.pauls-bauernhof.de\/produkt\/erwachsene-kindergeburtstag-08-08-2025\/#breadcrumb"},"inLanguage":"pl-PL","potentialAction":[{"@type":"ReadAction","target":["https:\/\/www.pauls-bauernhof.de\/produkt\/erwachsene-kindergeburtstag-08-08-2025\/"]}]},{"@type":"ImageObject","inLanguage":"pl-PL","@id":"https:\/\/www.pauls-bauernhof.de\/produkt\/erwachsene-kindergeburtstag-08-08-2025\/#primaryimage","url":"https:\/\/www.pauls-bauernhof.de\/wp-content\/uploads\/2024\/06\/ErwKiGeb2023.png","contentUrl":"https:\/\/www.pauls-bauernhof.de\/wp-content\/uploads\/2024\/06\/ErwKiGeb2023.png","width":800,"height":800},{"@type":"BreadcrumbList","@id":"https:\/\/www.pauls-bauernhof.de\/produkt\/erwachsene-kindergeburtstag-08-08-2025\/#breadcrumb","itemListElement":[{"@type":"ListItem","position":1,"name":"Startseite","item":"https:\/\/www.pauls-bauernhof.de\/"},{"@type":"ListItem","position":2,"name":"Produkty","item":"https:\/\/www.pauls-bauernhof.de\/pl\/online-shop\/"},{"@type":"ListItem","position":3,"name":"Erwachsene Kindergeburtstag 08.08.2025"}]},{"@type":"WebSite","@id":"https:\/\/www.pauls-bauernhof.de\/#website","url":"https:\/\/www.pauls-bauernhof.de\/","name":"Pauls Bauernhof Hofheim-Wallau - Erdbeeren - K\u00fcrbisse - Online-Shop","description":"Bei uns bekommen Sie Erbeeren, Speise- und Zirrk\u00fcrbisse sowie Kartoffeln, knackfrisches Obst und Gem\u00fcse. Viele Produkte erhalten Sie auch in unserem ONLINE-SHOP, wie z.B. Marmeladen, Getr\u00e4nke und Suppen","publisher":{"@id":"https:\/\/www.pauls-bauernhof.de\/#organization"},"potentialAction":[{"@type":"SearchAction","target":{"@type":"EntryPoint","urlTemplate":"https:\/\/www.pauls-bauernhof.de\/?s={search_term_string}"},"query-input":{"@type":"PropertyValueSpecification","valueRequired":true,"valueName":"search_term_string"}}],"inLanguage":"pl-PL"},{"@type":"Organization","@id":"https:\/\/www.pauls-bauernhof.de\/#organization","name":"Paul's Bauernhof","url":"https:\/\/www.pauls-bauernhof.de\/","logo":{"@type":"ImageObject","inLanguage":"pl-PL","@id":"https:\/\/www.pauls-bauernhof.de\/#\/schema\/logo\/image\/","url":"https:\/\/i2.wp.com\/www.pauls-bauernhof.de\/wp-content\/uploads\/2020\/05\/LogoTransparent4.png?fit=366%2C144&ssl=1","contentUrl":"https:\/\/i2.wp.com\/www.pauls-bauernhof.de\/wp-content\/uploads\/2020\/05\/LogoTransparent4.png?fit=366%2C144&ssl=1","width":366,"height":144,"caption":"Paul's Bauernhof"},"image":{"@id":"https:\/\/www.pauls-bauernhof.de\/#\/schema\/logo\/image\/"},"sameAs":["https:\/\/www.facebook.com\/paulsbauernhof\/","https:\/\/www.instagram.com\/pauls_bauernhof\/"]}]}},"_links":{"self":[{"href":"https:\/\/www.pauls-bauernhof.de\/pl\/wp-json\/wp\/v2\/product\/38756","targetHints":{"allow":["GET"]}}],"collection":[{"href":"https:\/\/www.pauls-bauernhof.de\/pl\/wp-json\/wp\/v2\/product"}],"about":[{"href":"https:\/\/www.pauls-bauernhof.de\/pl\/wp-json\/wp\/v2\/types\/product"}],"version-history":[{"count":0,"href":"https:\/\/www.pauls-bauernhof.de\/pl\/wp-json\/wp\/v2\/product\/38756\/revisions"}],"wp:featuredmedia":[{"embeddable":true,"href":"https:\/\/www.pauls-bauernhof.de\/pl\/wp-json\/wp\/v2\/media\/9979"}],"wp:attachment":[{"href":"https:\/\/www.pauls-bauernhof.de\/pl\/wp-json\/wp\/v2\/media?parent=38756"}],"wp:term":[{"taxonomy":"product_brand","embeddable":true,"href":"https:\/\/www.pauls-bauernhof.de\/pl\/wp-json\/wp\/v2\/product_brand?post=38756"},{"taxonomy":"product_cat","embeddable":true,"href":"https:\/\/www.pauls-bauernhof.de\/pl\/wp-json\/wp\/v2\/product_cat?post=38756"},{"taxonomy":"product_tag","embeddable":true,"href":"https:\/\/www.pauls-bauernhof.de\/pl\/wp-json\/wp\/v2\/product_tag?post=38756"},{"taxonomy":"produkte","embeddable":true,"href":"https:\/\/www.pauls-bauernhof.de\/pl\/wp-json\/wp\/v2\/produkte?post=38756"}],"curies":[{"name":"wp","href":"https:\/\/api.w.org\/{rel}","templated":true}]}}