{"id":267,"date":"2020-04-19T12:03:04","date_gmt":"2020-04-19T10:03:04","guid":{"rendered":"http:\/\/www.erdbeer-express.de\/produkt\/import-placeholder-for-2098\/"},"modified":"2024-05-19T10:13:00","modified_gmt":"2024-05-19T08:13:00","slug":"erdbeer-chili-fruchtaufstrich-200-g","status":"publish","type":"product","link":"https:\/\/www.pauls-bauernhof.de\/pl\/produkt\/erdbeer-chili-fruchtaufstrich-200-g\/","title":{"rendered":"Erdbeer-Chili-Fruchtaufstrich 200 g"},"content":{"rendered":"<div class=\"page\" title=\"Page 7\">\n<div class=\"section\">\n<div class=\"layoutArea\">\n<div class=\"column\">\n<p>Erdbeere (besteht nur aus Erdbeeren, Gelierzucker 2:1) und Zitronensa\u0308uren hergestellt. Wir produzieren auch Erdbeer-Fruchtaufstrich mit Chili, Himbeer-Fruchtaufstrich und Himbeer-Chili-Fruchtaufstrich. Unsere Hausspezialita\u0308ten schmecken pur wunderbar auf frischem Brot\/Bro\u0308tchen, in Naturjoghurt oder Pudding, auf einem Camembert-Brot.<\/p>\n<p>Unsere Chili Varianten eigenen sich sehr gut zum Verfeinern von fruchtigen So\u00dfen oder Chutneys, als Dips zur Ka\u0308seplatte mit Feigensenf und Chili-Fruchtaufstrich, zum U\u0308berbacken von Ziegenka\u0308se uvm.<\/p>\n<p>Kleiner Genie\u00dfer Tipp: 1 Lo\u0308ffel Erdbeer-Fruchtaufstrich zum Su\u0308\u00dfen in den <a href=\"https:\/\/www.pauls-bauernhof.de\/pl\/produkt\/erdbeerbalsamessig-025-l\/\">Erdbeerbalsamico<\/a> ru\u0308hren und Eindicken. Beispielsweise Mozzarella kann damit wunderbar u\u0308berbacken werden. Diese Balsamico-Variante mit Erdbeer-Fruchtaufstrich verfeinert, passt auch wunderbar zu gru\u0308nem Spargel mit Erdbeeren.<\/p>\n<\/div>\n<\/div>\n<\/div>\n<\/div>","protected":false},"excerpt":{"rendered":"<p>200 g<\/p>","protected":false},"featured_media":9553,"template":"","meta":[],"product_brand":[],"product_cat":[21],"product_tag":[134,126,132],"produkte":[],"class_list":{"0":"post-267","1":"product","2":"type-product","3":"status-publish","4":"has-post-thumbnail","6":"product_cat-erdbeer-fruchtaufstriche","7":"product_tag-200-gr","8":"product_tag-erdbeer","9":"product_tag-fruchtaufstrich","11":"first","12":"instock","13":"taxable","14":"shipping-taxable","15":"purchasable","16":"product-type-simple"},"yoast_head":"<!-- This site is optimized with the Yoast SEO plugin v26.1.1 - https:\/\/yoast.com\/wordpress\/plugins\/seo\/ -->\n<title>Erdbeer-Chili-Fruchtaufstrich 200 g - Pauls Bauernhof Hofheim-Wallau - Erdbeeren - K\u00fcrbisse - Online-Shop<\/title>\n<meta name=\"robots\" content=\"index, follow, max-snippet:-1, max-image-preview:large, max-video-preview:-1\" \/>\n<link rel=\"canonical\" href=\"https:\/\/www.pauls-bauernhof.de\/pl\/produkt\/erdbeer-chili-fruchtaufstrich-200-g\/\" \/>\n<meta property=\"og:locale\" content=\"pl_PL\" \/>\n<meta property=\"og:type\" content=\"article\" \/>\n<meta property=\"og:title\" content=\"Erdbeer-Chili-Fruchtaufstrich 200 g - Pauls Bauernhof Hofheim-Wallau - Erdbeeren - K\u00fcrbisse - Online-Shop\" \/>\n<meta property=\"og:description\" content=\"200 g\" \/>\n<meta property=\"og:url\" content=\"https:\/\/www.pauls-bauernhof.de\/pl\/produkt\/erdbeer-chili-fruchtaufstrich-200-g\/\" \/>\n<meta property=\"og:site_name\" content=\"Pauls Bauernhof Hofheim-Wallau - Erdbeeren - K\u00fcrbisse - Online-Shop\" \/>\n<meta property=\"article:publisher\" content=\"https:\/\/www.facebook.com\/paulsbauernhof\/\" \/>\n<meta property=\"article:modified_time\" content=\"2024-05-19T08:13:00+00:00\" \/>\n<meta property=\"og:image\" content=\"https:\/\/www.pauls-bauernhof.de\/wp-content\/uploads\/2020\/04\/Erdbeer-Chili-Fruchtaufstrich-200gr.jpg\" \/>\n\t<meta property=\"og:image:width\" content=\"1000\" \/>\n\t<meta property=\"og:image:height\" content=\"1000\" \/>\n\t<meta property=\"og:image:type\" content=\"image\/jpeg\" \/>\n<meta name=\"twitter:card\" content=\"summary_large_image\" \/>\n<meta name=\"twitter:label1\" content=\"Szacowany czas czytania\" \/>\n\t<meta name=\"twitter:data1\" content=\"1 minuta\" \/>\n<script type=\"application\/ld+json\" class=\"yoast-schema-graph\">{\"@context\":\"https:\/\/schema.org\",\"@graph\":[{\"@type\":\"WebPage\",\"@id\":\"https:\/\/www.pauls-bauernhof.de\/produkt\/erdbeer-chili-fruchtaufstrich-200-g\/\",\"url\":\"https:\/\/www.pauls-bauernhof.de\/produkt\/erdbeer-chili-fruchtaufstrich-200-g\/\",\"name\":\"Erdbeer-Chili-Fruchtaufstrich 200 g - Pauls Bauernhof Hofheim-Wallau - Erdbeeren - K\u00fcrbisse - Online-Shop\",\"isPartOf\":{\"@id\":\"https:\/\/www.pauls-bauernhof.de\/#website\"},\"primaryImageOfPage\":{\"@id\":\"https:\/\/www.pauls-bauernhof.de\/produkt\/erdbeer-chili-fruchtaufstrich-200-g\/#primaryimage\"},\"image\":{\"@id\":\"https:\/\/www.pauls-bauernhof.de\/produkt\/erdbeer-chili-fruchtaufstrich-200-g\/#primaryimage\"},\"thumbnailUrl\":\"https:\/\/www.pauls-bauernhof.de\/wp-content\/uploads\/2020\/04\/Erdbeer-Chili-Fruchtaufstrich-200gr.jpg\",\"datePublished\":\"2020-04-19T10:03:04+00:00\",\"dateModified\":\"2024-05-19T08:13:00+00:00\",\"breadcrumb\":{\"@id\":\"https:\/\/www.pauls-bauernhof.de\/produkt\/erdbeer-chili-fruchtaufstrich-200-g\/#breadcrumb\"},\"inLanguage\":\"pl-PL\",\"potentialAction\":[{\"@type\":\"ReadAction\",\"target\":[\"https:\/\/www.pauls-bauernhof.de\/produkt\/erdbeer-chili-fruchtaufstrich-200-g\/\"]}]},{\"@type\":\"ImageObject\",\"inLanguage\":\"pl-PL\",\"@id\":\"https:\/\/www.pauls-bauernhof.de\/produkt\/erdbeer-chili-fruchtaufstrich-200-g\/#primaryimage\",\"url\":\"https:\/\/www.pauls-bauernhof.de\/wp-content\/uploads\/2020\/04\/Erdbeer-Chili-Fruchtaufstrich-200gr.jpg\",\"contentUrl\":\"https:\/\/www.pauls-bauernhof.de\/wp-content\/uploads\/2020\/04\/Erdbeer-Chili-Fruchtaufstrich-200gr.jpg\",\"width\":1000,\"height\":1000},{\"@type\":\"BreadcrumbList\",\"@id\":\"https:\/\/www.pauls-bauernhof.de\/produkt\/erdbeer-chili-fruchtaufstrich-200-g\/#breadcrumb\",\"itemListElement\":[{\"@type\":\"ListItem\",\"position\":1,\"name\":\"Startseite\",\"item\":\"https:\/\/www.pauls-bauernhof.de\/\"},{\"@type\":\"ListItem\",\"position\":2,\"name\":\"Produkty\",\"item\":\"https:\/\/www.pauls-bauernhof.de\/pl\/online-shop\/\"},{\"@type\":\"ListItem\",\"position\":3,\"name\":\"Erdbeer-Chili-Fruchtaufstrich 200 g\"}]},{\"@type\":\"WebSite\",\"@id\":\"https:\/\/www.pauls-bauernhof.de\/#website\",\"url\":\"https:\/\/www.pauls-bauernhof.de\/\",\"name\":\"Pauls Bauernhof Hofheim-Wallau - Erdbeeren - K\u00fcrbisse - Online-Shop\",\"description\":\"Bei uns bekommen Sie Erbeeren, Speise- und Zirrk\u00fcrbisse sowie Kartoffeln, knackfrisches Obst und Gem\u00fcse. Viele Produkte erhalten Sie auch in unserem ONLINE-SHOP, wie z.B. Marmeladen, Getr\u00e4nke und Suppen\",\"publisher\":{\"@id\":\"https:\/\/www.pauls-bauernhof.de\/#organization\"},\"potentialAction\":[{\"@type\":\"SearchAction\",\"target\":{\"@type\":\"EntryPoint\",\"urlTemplate\":\"https:\/\/www.pauls-bauernhof.de\/?s={search_term_string}\"},\"query-input\":{\"@type\":\"PropertyValueSpecification\",\"valueRequired\":true,\"valueName\":\"search_term_string\"}}],\"inLanguage\":\"pl-PL\"},{\"@type\":\"Organization\",\"@id\":\"https:\/\/www.pauls-bauernhof.de\/#organization\",\"name\":\"Paul's Bauernhof\",\"url\":\"https:\/\/www.pauls-bauernhof.de\/\",\"logo\":{\"@type\":\"ImageObject\",\"inLanguage\":\"pl-PL\",\"@id\":\"https:\/\/www.pauls-bauernhof.de\/#\/schema\/logo\/image\/\",\"url\":\"https:\/\/i2.wp.com\/www.pauls-bauernhof.de\/wp-content\/uploads\/2020\/05\/LogoTransparent4.png?fit=366%2C144&ssl=1\",\"contentUrl\":\"https:\/\/i2.wp.com\/www.pauls-bauernhof.de\/wp-content\/uploads\/2020\/05\/LogoTransparent4.png?fit=366%2C144&ssl=1\",\"width\":366,\"height\":144,\"caption\":\"Paul's Bauernhof\"},\"image\":{\"@id\":\"https:\/\/www.pauls-bauernhof.de\/#\/schema\/logo\/image\/\"},\"sameAs\":[\"https:\/\/www.facebook.com\/paulsbauernhof\/\",\"https:\/\/www.instagram.com\/pauls_bauernhof\/\"]}]}<\/script>\n<!-- \/ Yoast SEO plugin. -->","yoast_head_json":{"title":"Erdbeer-Chili-Fruchtaufstrich 200 g - Pauls Bauernhof Hofheim-Wallau - Erdbeeren - K\u00fcrbisse - Online-Shop","robots":{"index":"index","follow":"follow","max-snippet":"max-snippet:-1","max-image-preview":"max-image-preview:large","max-video-preview":"max-video-preview:-1"},"canonical":"https:\/\/www.pauls-bauernhof.de\/pl\/produkt\/erdbeer-chili-fruchtaufstrich-200-g\/","og_locale":"pl_PL","og_type":"article","og_title":"Erdbeer-Chili-Fruchtaufstrich 200 g - Pauls Bauernhof Hofheim-Wallau - Erdbeeren - K\u00fcrbisse - Online-Shop","og_description":"200 g","og_url":"https:\/\/www.pauls-bauernhof.de\/pl\/produkt\/erdbeer-chili-fruchtaufstrich-200-g\/","og_site_name":"Pauls Bauernhof Hofheim-Wallau - Erdbeeren - K\u00fcrbisse - Online-Shop","article_publisher":"https:\/\/www.facebook.com\/paulsbauernhof\/","article_modified_time":"2024-05-19T08:13:00+00:00","og_image":[{"width":1000,"height":1000,"url":"https:\/\/www.pauls-bauernhof.de\/wp-content\/uploads\/2020\/04\/Erdbeer-Chili-Fruchtaufstrich-200gr.jpg","type":"image\/jpeg"}],"twitter_card":"summary_large_image","twitter_misc":{"Szacowany czas czytania":"1 minuta"},"schema":{"@context":"https:\/\/schema.org","@graph":[{"@type":"WebPage","@id":"https:\/\/www.pauls-bauernhof.de\/produkt\/erdbeer-chili-fruchtaufstrich-200-g\/","url":"https:\/\/www.pauls-bauernhof.de\/produkt\/erdbeer-chili-fruchtaufstrich-200-g\/","name":"Erdbeer-Chili-Fruchtaufstrich 200 g - Pauls Bauernhof Hofheim-Wallau - Erdbeeren - K\u00fcrbisse - Online-Shop","isPartOf":{"@id":"https:\/\/www.pauls-bauernhof.de\/#website"},"primaryImageOfPage":{"@id":"https:\/\/www.pauls-bauernhof.de\/produkt\/erdbeer-chili-fruchtaufstrich-200-g\/#primaryimage"},"image":{"@id":"https:\/\/www.pauls-bauernhof.de\/produkt\/erdbeer-chili-fruchtaufstrich-200-g\/#primaryimage"},"thumbnailUrl":"https:\/\/www.pauls-bauernhof.de\/wp-content\/uploads\/2020\/04\/Erdbeer-Chili-Fruchtaufstrich-200gr.jpg","datePublished":"2020-04-19T10:03:04+00:00","dateModified":"2024-05-19T08:13:00+00:00","breadcrumb":{"@id":"https:\/\/www.pauls-bauernhof.de\/produkt\/erdbeer-chili-fruchtaufstrich-200-g\/#breadcrumb"},"inLanguage":"pl-PL","potentialAction":[{"@type":"ReadAction","target":["https:\/\/www.pauls-bauernhof.de\/produkt\/erdbeer-chili-fruchtaufstrich-200-g\/"]}]},{"@type":"ImageObject","inLanguage":"pl-PL","@id":"https:\/\/www.pauls-bauernhof.de\/produkt\/erdbeer-chili-fruchtaufstrich-200-g\/#primaryimage","url":"https:\/\/www.pauls-bauernhof.de\/wp-content\/uploads\/2020\/04\/Erdbeer-Chili-Fruchtaufstrich-200gr.jpg","contentUrl":"https:\/\/www.pauls-bauernhof.de\/wp-content\/uploads\/2020\/04\/Erdbeer-Chili-Fruchtaufstrich-200gr.jpg","width":1000,"height":1000},{"@type":"BreadcrumbList","@id":"https:\/\/www.pauls-bauernhof.de\/produkt\/erdbeer-chili-fruchtaufstrich-200-g\/#breadcrumb","itemListElement":[{"@type":"ListItem","position":1,"name":"Startseite","item":"https:\/\/www.pauls-bauernhof.de\/"},{"@type":"ListItem","position":2,"name":"Produkty","item":"https:\/\/www.pauls-bauernhof.de\/pl\/online-shop\/"},{"@type":"ListItem","position":3,"name":"Erdbeer-Chili-Fruchtaufstrich 200 g"}]},{"@type":"WebSite","@id":"https:\/\/www.pauls-bauernhof.de\/#website","url":"https:\/\/www.pauls-bauernhof.de\/","name":"Pauls Bauernhof Hofheim-Wallau - Erdbeeren - K\u00fcrbisse - Online-Shop","description":"Bei uns bekommen Sie Erbeeren, Speise- und Zirrk\u00fcrbisse sowie Kartoffeln, knackfrisches Obst und Gem\u00fcse. Viele Produkte erhalten Sie auch in unserem ONLINE-SHOP, wie z.B. Marmeladen, Getr\u00e4nke und Suppen","publisher":{"@id":"https:\/\/www.pauls-bauernhof.de\/#organization"},"potentialAction":[{"@type":"SearchAction","target":{"@type":"EntryPoint","urlTemplate":"https:\/\/www.pauls-bauernhof.de\/?s={search_term_string}"},"query-input":{"@type":"PropertyValueSpecification","valueRequired":true,"valueName":"search_term_string"}}],"inLanguage":"pl-PL"},{"@type":"Organization","@id":"https:\/\/www.pauls-bauernhof.de\/#organization","name":"Paul's Bauernhof","url":"https:\/\/www.pauls-bauernhof.de\/","logo":{"@type":"ImageObject","inLanguage":"pl-PL","@id":"https:\/\/www.pauls-bauernhof.de\/#\/schema\/logo\/image\/","url":"https:\/\/i2.wp.com\/www.pauls-bauernhof.de\/wp-content\/uploads\/2020\/05\/LogoTransparent4.png?fit=366%2C144&ssl=1","contentUrl":"https:\/\/i2.wp.com\/www.pauls-bauernhof.de\/wp-content\/uploads\/2020\/05\/LogoTransparent4.png?fit=366%2C144&ssl=1","width":366,"height":144,"caption":"Paul's Bauernhof"},"image":{"@id":"https:\/\/www.pauls-bauernhof.de\/#\/schema\/logo\/image\/"},"sameAs":["https:\/\/www.facebook.com\/paulsbauernhof\/","https:\/\/www.instagram.com\/pauls_bauernhof\/"]}]}},"_links":{"self":[{"href":"https:\/\/www.pauls-bauernhof.de\/pl\/wp-json\/wp\/v2\/product\/267","targetHints":{"allow":["GET"]}}],"collection":[{"href":"https:\/\/www.pauls-bauernhof.de\/pl\/wp-json\/wp\/v2\/product"}],"about":[{"href":"https:\/\/www.pauls-bauernhof.de\/pl\/wp-json\/wp\/v2\/types\/product"}],"version-history":[{"count":0,"href":"https:\/\/www.pauls-bauernhof.de\/pl\/wp-json\/wp\/v2\/product\/267\/revisions"}],"wp:featuredmedia":[{"embeddable":true,"href":"https:\/\/www.pauls-bauernhof.de\/pl\/wp-json\/wp\/v2\/media\/9553"}],"wp:attachment":[{"href":"https:\/\/www.pauls-bauernhof.de\/pl\/wp-json\/wp\/v2\/media?parent=267"}],"wp:term":[{"taxonomy":"product_brand","embeddable":true,"href":"https:\/\/www.pauls-bauernhof.de\/pl\/wp-json\/wp\/v2\/product_brand?post=267"},{"taxonomy":"product_cat","embeddable":true,"href":"https:\/\/www.pauls-bauernhof.de\/pl\/wp-json\/wp\/v2\/product_cat?post=267"},{"taxonomy":"product_tag","embeddable":true,"href":"https:\/\/www.pauls-bauernhof.de\/pl\/wp-json\/wp\/v2\/product_tag?post=267"},{"taxonomy":"produkte","embeddable":true,"href":"https:\/\/www.pauls-bauernhof.de\/pl\/wp-json\/wp\/v2\/produkte?post=267"}],"curies":[{"name":"wp","href":"https:\/\/api.w.org\/{rel}","templated":true}]}}