{"id":39915,"date":"2025-08-03T08:41:32","date_gmt":"2025-08-03T06:41:32","guid":{"rendered":"https:\/\/www.pauls-bauernhof.de\/produkt\/"},"modified":"2025-08-03T08:43:47","modified_gmt":"2025-08-03T06:43:47","slug":"erwachsene-26-08-25-1400-1900-uhr","status":"publish","type":"product","link":"https:\/\/www.pauls-bauernhof.de\/en\/product\/erwachsene-26-08-25-1400-1900-uhr\/","title":{"rendered":"Erwachsene 26.08.25 14:00 &#8211; 19:00 Uhr"},"content":{"rendered":"","protected":false},"excerpt":{"rendered":"<p>Adults aged 18 and over<br \/>\n(7,00 \u20ac\/St.)<\/p>","protected":false},"featured_media":9979,"template":"","meta":[],"product_brand":[],"product_cat":[175],"product_tag":[],"produkte":[],"class_list":{"0":"post-39915","1":"product","2":"type-product","3":"status-publish","4":"has-post-thumbnail","6":"product_cat-tagestickets","8":"first","9":"instock","10":"virtual","11":"taxable","12":"purchasable","13":"product-type-simple"},"yoast_head":"<!-- This site is optimized with the Yoast SEO plugin v26.1.1 - https:\/\/yoast.com\/wordpress\/plugins\/seo\/ -->\n<title>Erwachsene 26.08.25 14:00 - 19:00 Uhr - Pauls Bauernhof Hofheim-Wallau - Erdbeeren - K\u00fcrbisse - Online-Shop<\/title>\n<meta name=\"description\" content=\"Tickets f\u00fcr Erwachsene Besucher f\u00fcr unser Maislabyrinth. Erwachsene sind Besucher \u00fcber 18 Jahren. Am Eingang gibt es Ausweiskontrollen.\" \/>\n<meta name=\"robots\" content=\"index, follow, max-snippet:-1, max-image-preview:large, max-video-preview:-1\" \/>\n<link rel=\"canonical\" href=\"https:\/\/www.pauls-bauernhof.de\/en\/product\/erwachsene-26-08-25-1400-1900-uhr\/\" \/>\n<meta property=\"og:locale\" content=\"en_GB\" \/>\n<meta property=\"og:type\" content=\"article\" \/>\n<meta property=\"og:title\" content=\"Erwachsene 26.08.25 14:00 - 19:00 Uhr - Pauls Bauernhof Hofheim-Wallau - Erdbeeren - K\u00fcrbisse - Online-Shop\" \/>\n<meta property=\"og:description\" content=\"Tickets f\u00fcr Erwachsene Besucher f\u00fcr unser Maislabyrinth. Erwachsene sind Besucher \u00fcber 18 Jahren. Am Eingang gibt es Ausweiskontrollen.\" \/>\n<meta property=\"og:url\" content=\"https:\/\/www.pauls-bauernhof.de\/en\/product\/erwachsene-26-08-25-1400-1900-uhr\/\" \/>\n<meta property=\"og:site_name\" content=\"Pauls Bauernhof Hofheim-Wallau - Erdbeeren - K\u00fcrbisse - Online-Shop\" \/>\n<meta property=\"article:publisher\" content=\"https:\/\/www.facebook.com\/paulsbauernhof\/\" \/>\n<meta property=\"article:modified_time\" content=\"2025-08-03T06:43:47+00:00\" \/>\n<meta property=\"og:image\" content=\"https:\/\/www.pauls-bauernhof.de\/wp-content\/uploads\/2024\/06\/ErwKiGeb2023.png\" \/>\n\t<meta property=\"og:image:width\" content=\"800\" \/>\n\t<meta property=\"og:image:height\" content=\"800\" \/>\n\t<meta property=\"og:image:type\" content=\"image\/png\" \/>\n<meta name=\"twitter:card\" content=\"summary_large_image\" \/>\n<meta name=\"twitter:label1\" content=\"Estimated reading time\" \/>\n\t<meta name=\"twitter:data1\" content=\"1 minute\" \/>\n<script type=\"application\/ld+json\" class=\"yoast-schema-graph\">{\"@context\":\"https:\/\/schema.org\",\"@graph\":[{\"@type\":\"WebPage\",\"@id\":\"https:\/\/www.pauls-bauernhof.de\/produkt\/erwachsene-26-08-25-1400-1900-uhr\/\",\"url\":\"https:\/\/www.pauls-bauernhof.de\/produkt\/erwachsene-26-08-25-1400-1900-uhr\/\",\"name\":\"Erwachsene 26.08.25 14:00 - 19:00 Uhr - Pauls Bauernhof Hofheim-Wallau - Erdbeeren - K\u00fcrbisse - Online-Shop\",\"isPartOf\":{\"@id\":\"https:\/\/www.pauls-bauernhof.de\/#website\"},\"primaryImageOfPage\":{\"@id\":\"https:\/\/www.pauls-bauernhof.de\/produkt\/erwachsene-26-08-25-1400-1900-uhr\/#primaryimage\"},\"image\":{\"@id\":\"https:\/\/www.pauls-bauernhof.de\/produkt\/erwachsene-26-08-25-1400-1900-uhr\/#primaryimage\"},\"thumbnailUrl\":\"https:\/\/www.pauls-bauernhof.de\/wp-content\/uploads\/2024\/06\/ErwKiGeb2023.png\",\"datePublished\":\"2025-08-03T06:41:32+00:00\",\"dateModified\":\"2025-08-03T06:43:47+00:00\",\"description\":\"Tickets f\u00fcr Erwachsene Besucher f\u00fcr unser Maislabyrinth. Erwachsene sind Besucher \u00fcber 18 Jahren. Am Eingang gibt es Ausweiskontrollen.\",\"breadcrumb\":{\"@id\":\"https:\/\/www.pauls-bauernhof.de\/produkt\/erwachsene-26-08-25-1400-1900-uhr\/#breadcrumb\"},\"inLanguage\":\"en-GB\",\"potentialAction\":[{\"@type\":\"ReadAction\",\"target\":[\"https:\/\/www.pauls-bauernhof.de\/produkt\/erwachsene-26-08-25-1400-1900-uhr\/\"]}]},{\"@type\":\"ImageObject\",\"inLanguage\":\"en-GB\",\"@id\":\"https:\/\/www.pauls-bauernhof.de\/produkt\/erwachsene-26-08-25-1400-1900-uhr\/#primaryimage\",\"url\":\"https:\/\/www.pauls-bauernhof.de\/wp-content\/uploads\/2024\/06\/ErwKiGeb2023.png\",\"contentUrl\":\"https:\/\/www.pauls-bauernhof.de\/wp-content\/uploads\/2024\/06\/ErwKiGeb2023.png\",\"width\":800,\"height\":800},{\"@type\":\"BreadcrumbList\",\"@id\":\"https:\/\/www.pauls-bauernhof.de\/produkt\/erwachsene-26-08-25-1400-1900-uhr\/#breadcrumb\",\"itemListElement\":[{\"@type\":\"ListItem\",\"position\":1,\"name\":\"Startseite\",\"item\":\"https:\/\/www.pauls-bauernhof.de\/\"},{\"@type\":\"ListItem\",\"position\":2,\"name\":\"Produkty\",\"item\":\"https:\/\/www.pauls-bauernhof.de\/pl\/online-shop\/\"},{\"@type\":\"ListItem\",\"position\":3,\"name\":\"Erwachsene 26.08.25 14:00 &#8211; 19:00 Uhr\"}]},{\"@type\":\"WebSite\",\"@id\":\"https:\/\/www.pauls-bauernhof.de\/#website\",\"url\":\"https:\/\/www.pauls-bauernhof.de\/\",\"name\":\"Pauls Bauernhof Hofheim-Wallau - Erdbeeren - K\u00fcrbisse - Online-Shop\",\"description\":\"Bei uns bekommen Sie Erbeeren, Speise- und Zirrk\u00fcrbisse sowie Kartoffeln, knackfrisches Obst und Gem\u00fcse. Viele Produkte erhalten Sie auch in unserem ONLINE-SHOP, wie z.B. Marmeladen, Getr\u00e4nke und Suppen\",\"publisher\":{\"@id\":\"https:\/\/www.pauls-bauernhof.de\/#organization\"},\"potentialAction\":[{\"@type\":\"SearchAction\",\"target\":{\"@type\":\"EntryPoint\",\"urlTemplate\":\"https:\/\/www.pauls-bauernhof.de\/?s={search_term_string}\"},\"query-input\":{\"@type\":\"PropertyValueSpecification\",\"valueRequired\":true,\"valueName\":\"search_term_string\"}}],\"inLanguage\":\"en-GB\"},{\"@type\":\"Organization\",\"@id\":\"https:\/\/www.pauls-bauernhof.de\/#organization\",\"name\":\"Paul's Bauernhof\",\"url\":\"https:\/\/www.pauls-bauernhof.de\/\",\"logo\":{\"@type\":\"ImageObject\",\"inLanguage\":\"en-GB\",\"@id\":\"https:\/\/www.pauls-bauernhof.de\/#\/schema\/logo\/image\/\",\"url\":\"https:\/\/i2.wp.com\/www.pauls-bauernhof.de\/wp-content\/uploads\/2020\/05\/LogoTransparent4.png?fit=366%2C144&ssl=1\",\"contentUrl\":\"https:\/\/i2.wp.com\/www.pauls-bauernhof.de\/wp-content\/uploads\/2020\/05\/LogoTransparent4.png?fit=366%2C144&ssl=1\",\"width\":366,\"height\":144,\"caption\":\"Paul's Bauernhof\"},\"image\":{\"@id\":\"https:\/\/www.pauls-bauernhof.de\/#\/schema\/logo\/image\/\"},\"sameAs\":[\"https:\/\/www.facebook.com\/paulsbauernhof\/\",\"https:\/\/www.instagram.com\/pauls_bauernhof\/\"]}]}<\/script>\n<!-- \/ Yoast SEO plugin. -->","yoast_head_json":{"title":"Erwachsene 26.08.25 14:00 - 19:00 Uhr - Pauls Bauernhof Hofheim-Wallau - Erdbeeren - K\u00fcrbisse - Online-Shop","description":"Tickets f\u00fcr Erwachsene Besucher f\u00fcr unser Maislabyrinth. Erwachsene sind Besucher \u00fcber 18 Jahren. Am Eingang gibt es Ausweiskontrollen.","robots":{"index":"index","follow":"follow","max-snippet":"max-snippet:-1","max-image-preview":"max-image-preview:large","max-video-preview":"max-video-preview:-1"},"canonical":"https:\/\/www.pauls-bauernhof.de\/en\/product\/erwachsene-26-08-25-1400-1900-uhr\/","og_locale":"en_GB","og_type":"article","og_title":"Erwachsene 26.08.25 14:00 - 19:00 Uhr - Pauls Bauernhof Hofheim-Wallau - Erdbeeren - K\u00fcrbisse - Online-Shop","og_description":"Tickets f\u00fcr Erwachsene Besucher f\u00fcr unser Maislabyrinth. Erwachsene sind Besucher \u00fcber 18 Jahren. Am Eingang gibt es Ausweiskontrollen.","og_url":"https:\/\/www.pauls-bauernhof.de\/en\/product\/erwachsene-26-08-25-1400-1900-uhr\/","og_site_name":"Pauls Bauernhof Hofheim-Wallau - Erdbeeren - K\u00fcrbisse - Online-Shop","article_publisher":"https:\/\/www.facebook.com\/paulsbauernhof\/","article_modified_time":"2025-08-03T06:43:47+00:00","og_image":[{"width":800,"height":800,"url":"https:\/\/www.pauls-bauernhof.de\/wp-content\/uploads\/2024\/06\/ErwKiGeb2023.png","type":"image\/png"}],"twitter_card":"summary_large_image","twitter_misc":{"Estimated reading time":"1 minute"},"schema":{"@context":"https:\/\/schema.org","@graph":[{"@type":"WebPage","@id":"https:\/\/www.pauls-bauernhof.de\/produkt\/erwachsene-26-08-25-1400-1900-uhr\/","url":"https:\/\/www.pauls-bauernhof.de\/produkt\/erwachsene-26-08-25-1400-1900-uhr\/","name":"Erwachsene 26.08.25 14:00 - 19:00 Uhr - Pauls Bauernhof Hofheim-Wallau - Erdbeeren - K\u00fcrbisse - Online-Shop","isPartOf":{"@id":"https:\/\/www.pauls-bauernhof.de\/#website"},"primaryImageOfPage":{"@id":"https:\/\/www.pauls-bauernhof.de\/produkt\/erwachsene-26-08-25-1400-1900-uhr\/#primaryimage"},"image":{"@id":"https:\/\/www.pauls-bauernhof.de\/produkt\/erwachsene-26-08-25-1400-1900-uhr\/#primaryimage"},"thumbnailUrl":"https:\/\/www.pauls-bauernhof.de\/wp-content\/uploads\/2024\/06\/ErwKiGeb2023.png","datePublished":"2025-08-03T06:41:32+00:00","dateModified":"2025-08-03T06:43:47+00:00","description":"Tickets f\u00fcr Erwachsene Besucher f\u00fcr unser Maislabyrinth. Erwachsene sind Besucher \u00fcber 18 Jahren. Am Eingang gibt es Ausweiskontrollen.","breadcrumb":{"@id":"https:\/\/www.pauls-bauernhof.de\/produkt\/erwachsene-26-08-25-1400-1900-uhr\/#breadcrumb"},"inLanguage":"en-GB","potentialAction":[{"@type":"ReadAction","target":["https:\/\/www.pauls-bauernhof.de\/produkt\/erwachsene-26-08-25-1400-1900-uhr\/"]}]},{"@type":"ImageObject","inLanguage":"en-GB","@id":"https:\/\/www.pauls-bauernhof.de\/produkt\/erwachsene-26-08-25-1400-1900-uhr\/#primaryimage","url":"https:\/\/www.pauls-bauernhof.de\/wp-content\/uploads\/2024\/06\/ErwKiGeb2023.png","contentUrl":"https:\/\/www.pauls-bauernhof.de\/wp-content\/uploads\/2024\/06\/ErwKiGeb2023.png","width":800,"height":800},{"@type":"BreadcrumbList","@id":"https:\/\/www.pauls-bauernhof.de\/produkt\/erwachsene-26-08-25-1400-1900-uhr\/#breadcrumb","itemListElement":[{"@type":"ListItem","position":1,"name":"Startseite","item":"https:\/\/www.pauls-bauernhof.de\/"},{"@type":"ListItem","position":2,"name":"Produkty","item":"https:\/\/www.pauls-bauernhof.de\/pl\/online-shop\/"},{"@type":"ListItem","position":3,"name":"Erwachsene 26.08.25 14:00 &#8211; 19:00 Uhr"}]},{"@type":"WebSite","@id":"https:\/\/www.pauls-bauernhof.de\/#website","url":"https:\/\/www.pauls-bauernhof.de\/","name":"Pauls Bauernhof Hofheim-Wallau - Erdbeeren - K\u00fcrbisse - Online-Shop","description":"Bei uns bekommen Sie Erbeeren, Speise- und Zirrk\u00fcrbisse sowie Kartoffeln, knackfrisches Obst und Gem\u00fcse. Viele Produkte erhalten Sie auch in unserem ONLINE-SHOP, wie z.B. Marmeladen, Getr\u00e4nke und Suppen","publisher":{"@id":"https:\/\/www.pauls-bauernhof.de\/#organization"},"potentialAction":[{"@type":"SearchAction","target":{"@type":"EntryPoint","urlTemplate":"https:\/\/www.pauls-bauernhof.de\/?s={search_term_string}"},"query-input":{"@type":"PropertyValueSpecification","valueRequired":true,"valueName":"search_term_string"}}],"inLanguage":"en-GB"},{"@type":"Organization","@id":"https:\/\/www.pauls-bauernhof.de\/#organization","name":"Paul's Bauernhof","url":"https:\/\/www.pauls-bauernhof.de\/","logo":{"@type":"ImageObject","inLanguage":"en-GB","@id":"https:\/\/www.pauls-bauernhof.de\/#\/schema\/logo\/image\/","url":"https:\/\/i2.wp.com\/www.pauls-bauernhof.de\/wp-content\/uploads\/2020\/05\/LogoTransparent4.png?fit=366%2C144&ssl=1","contentUrl":"https:\/\/i2.wp.com\/www.pauls-bauernhof.de\/wp-content\/uploads\/2020\/05\/LogoTransparent4.png?fit=366%2C144&ssl=1","width":366,"height":144,"caption":"Paul's Bauernhof"},"image":{"@id":"https:\/\/www.pauls-bauernhof.de\/#\/schema\/logo\/image\/"},"sameAs":["https:\/\/www.facebook.com\/paulsbauernhof\/","https:\/\/www.instagram.com\/pauls_bauernhof\/"]}]}},"_links":{"self":[{"href":"https:\/\/www.pauls-bauernhof.de\/en\/wp-json\/wp\/v2\/product\/39915","targetHints":{"allow":["GET"]}}],"collection":[{"href":"https:\/\/www.pauls-bauernhof.de\/en\/wp-json\/wp\/v2\/product"}],"about":[{"href":"https:\/\/www.pauls-bauernhof.de\/en\/wp-json\/wp\/v2\/types\/product"}],"version-history":[{"count":0,"href":"https:\/\/www.pauls-bauernhof.de\/en\/wp-json\/wp\/v2\/product\/39915\/revisions"}],"wp:featuredmedia":[{"embeddable":true,"href":"https:\/\/www.pauls-bauernhof.de\/en\/wp-json\/wp\/v2\/media\/9979"}],"wp:attachment":[{"href":"https:\/\/www.pauls-bauernhof.de\/en\/wp-json\/wp\/v2\/media?parent=39915"}],"wp:term":[{"taxonomy":"product_brand","embeddable":true,"href":"https:\/\/www.pauls-bauernhof.de\/en\/wp-json\/wp\/v2\/product_brand?post=39915"},{"taxonomy":"product_cat","embeddable":true,"href":"https:\/\/www.pauls-bauernhof.de\/en\/wp-json\/wp\/v2\/product_cat?post=39915"},{"taxonomy":"product_tag","embeddable":true,"href":"https:\/\/www.pauls-bauernhof.de\/en\/wp-json\/wp\/v2\/product_tag?post=39915"},{"taxonomy":"produkte","embeddable":true,"href":"https:\/\/www.pauls-bauernhof.de\/en\/wp-json\/wp\/v2\/produkte?post=39915"}],"curies":[{"name":"wp","href":"https:\/\/api.w.org\/{rel}","templated":true}]}}